{"id":2681,"date":"2025-05-07T11:06:45","date_gmt":"2025-05-07T11:06:45","guid":{"rendered":"https:\/\/alfaworks-karrier.hu\/?page_id=2681"},"modified":"2025-05-23T07:45:44","modified_gmt":"2025-05-23T07:45:44","slug":"kisber-tajekoztato","status":"publish","type":"page","link":"https:\/\/alfaworks-karrier.hu\/?page_id=2681","title":{"rendered":"Kisb\u00e9r t\u00e1j\u00e9koztat\u00f3"},"content":{"rendered":"\t\t<div data-elementor-type=\"wp-page\" data-elementor-id=\"2681\" class=\"elementor elementor-2681\" data-elementor-post-type=\"page\">\n\t\t\t\t\t\t<header class=\"elementor-section elementor-top-section elementor-element elementor-element-60abff7e elementor-section-boxed elementor-section-height-default elementor-section-height-default\" data-id=\"60abff7e\" data-element_type=\"section\" data-e-type=\"section\" data-settings=\"{&quot;background_background&quot;:&quot;classic&quot;}\">\n\t\t\t\t\t\t\t<div class=\"elementor-background-overlay\"><\/div>\n\t\t\t\t\t\t\t<div class=\"elementor-container elementor-column-gap-default\">\n\t\t\t\t\t<div class=\"elementor-column elementor-col-100 elementor-top-column elementor-element elementor-element-3c74b3a\" data-id=\"3c74b3a\" data-element_type=\"column\" data-e-type=\"column\">\n\t\t\t<div class=\"elementor-widget-wrap elementor-element-populated\">\n\t\t\t\t\t\t<div class=\"elementor-element elementor-element-ac9f0a2 elementor-widget__width-initial elementor-widget elementor-widget-text-editor\" data-id=\"ac9f0a2\" data-element_type=\"widget\" data-e-type=\"widget\" data-widget_type=\"text-editor.default\">\n\t\t\t\t<div class=\"elementor-widget-container\">\n\t\t\t\t\t\t\t\t\t<h2 class=\"wnd-align-center\" style=\"-webkit-tap-highlight-color: transparent; transition: none 0s ease 0s; color: #ffffff; margin-bottom: 0px; text-align: center; font-style: normal; position: relative; font-size: 1.25rem; line-height: 1.5; font-weight: 500; font-family: 'Raleway Flex', Raleway-Fallback, sans-serif;\"><span class=\"wnd-font-size-180\" style=\"-webkit-tap-highlight-color: transparent; transition: none 0s ease 0s; font-size: 36px;\"><span class=\"wnd-font-size-110\" style=\"-webkit-tap-highlight-color: transparent; transition: none 0s ease 0s; font-size: 39.6px;\"><span class=\"wsw-13\" style=\"-webkit-tap-highlight-color: transparent; color: #f6e466; border-color: rgba(246, 229, 101, 0.5); transition: none 0s ease 0s;\"><span style=\"-webkit-tap-highlight-color: transparent; font-weight: 750; transition: none 0s ease 0s;\">Kisb\u00e9r<\/span><\/span><\/span><span style=\"-webkit-tap-highlight-color: transparent; font-weight: 750; transition: none 0s ease 0s;\"><span class=\"wnd-font-size-110\" style=\"-webkit-tap-highlight-color: transparent; transition: none 0s ease 0s; font-size: 39.6px;\">\u00a0felv\u00e9teli nap t\u00e1j\u00e9koztat\u00e1s<\/span><\/span><\/span><\/h2>\t\t\t\t\t\t\t\t<\/div>\n\t\t\t\t<\/div>\n\t\t\t\t<div class=\"elementor-element elementor-element-15306b7 elementor-widget__width-initial elementor-widget elementor-widget-text-editor\" data-id=\"15306b7\" data-element_type=\"widget\" data-e-type=\"widget\" data-widget_type=\"text-editor.default\">\n\t\t\t\t<div class=\"elementor-widget-container\">\n\t\t\t\t\t\t\t\t\t<h2 class=\"wnd-align-center\" style=\"-webkit-tap-highlight-color: transparent; transition: none 0s ease 0s; color: #ffffff; margin-bottom: 0px; text-align: center; font-style: normal; position: relative; font-size: 1.25rem; line-height: 1.5; font-weight: 500; font-family: 'Raleway Flex', Raleway-Fallback, sans-serif;\"><span style=\"-webkit-tap-highlight-color: transparent; font-weight: 600; transition: none 0s ease 0s; color: rgba(255, 255, 255, 0.7); font-size: 17.2px;\"><span class=\"wsw-10 wnd-font-size-120\" style=\"-webkit-tap-highlight-color: transparent; color: #ffffff; border-color: rgba(255, 255, 255, 0.5); transition: none 0s ease 0s; font-size: 20.64px;\">K\u00f6sz\u00f6nj\u00fck, hogy jelentkezett hozz\u00e1nk!<\/span><\/span><\/h2>\t\t\t\t\t\t\t\t<\/div>\n\t\t\t\t<\/div>\n\t\t\t\t<div class=\"elementor-element elementor-element-fcc0e28 elementor-widget__width-initial elementor-widget elementor-widget-text-editor\" data-id=\"fcc0e28\" data-element_type=\"widget\" data-e-type=\"widget\" data-widget_type=\"text-editor.default\">\n\t\t\t\t<div class=\"elementor-widget-container\">\n\t\t\t\t\t\t\t\t\t<h1 style=\"-webkit-tap-highlight-color: transparent; font-size: 3rem; margin-bottom: 0px; transition: none 0s ease 0s; color: #ffffff; overflow: hidden; text-align: center; font-style: normal; position: relative; line-height: 1.3; font-weight: 300; font-family: 'Raleway Flex', Raleway-Fallback, sans-serif;\"><span style=\"-webkit-tap-highlight-color: transparent; font-weight: bold; transition: none 0s ease 0s; font-size: 33.6px;\">Az \u00d6n Felv\u00e9teli id\u0151pontja: 2025.05.26<\/span><span style=\"-webkit-tap-highlight-color: transparent; font-weight: bold; transition: none 0s ease 0s; letter-spacing: 0px; font-size: 33.6px;\">. H\u00e9tf\u0151<\/span><\/h1>\t\t\t\t\t\t\t\t<\/div>\n\t\t\t\t<\/div>\n\t\t\t\t<div class=\"elementor-element elementor-element-98a2692 elementor-widget__width-initial elementor-widget elementor-widget-text-editor\" data-id=\"98a2692\" data-element_type=\"widget\" data-e-type=\"widget\" data-widget_type=\"text-editor.default\">\n\t\t\t\t<div class=\"elementor-widget-container\">\n\t\t\t\t\t\t\t\t\t<h1 style=\"-webkit-tap-highlight-color: transparent; font-size: 3rem; margin-bottom: 0px; transition: none 0s ease 0s; color: #ffffff; overflow: hidden; text-align: center; font-style: normal; position: relative; line-height: 1.3; font-weight: 300; font-family: 'Raleway Flex', Raleway-Fallback, sans-serif;\">\u00a0<\/h1><h2 class=\"wnd-align-center\" style=\"-webkit-tap-highlight-color: transparent; transition: none 0s ease 0s; color: #ffffff; margin-bottom: 0px; text-align: center; font-style: normal; position: relative; font-size: 1.25rem; line-height: 1.5; font-weight: 500; font-family: 'Raleway Flex', Raleway-Fallback, sans-serif;\"><span class=\"wsw-13\" style=\"-webkit-tap-highlight-color: transparent; color: #f6e466; border-color: rgba(246, 229, 101, 0.5); transition: none 0s ease 0s;\"><span style=\"-webkit-tap-highlight-color: transparent; font-weight: 750; transition: none 0s ease 0s;\">K\u00e9rj\u00fck figyelmesen olvassa el a t\u00e1j\u00e9koztat\u00f3t, k\u00e9rd\u00e9s eset\u00e9n keressen minket!<\/span><\/span><\/h2><h1 style=\"-webkit-tap-highlight-color: transparent; font-size: 3rem; margin-bottom: 0px; transition: none 0s ease 0s; color: #ffffff; padding-bottom: 1.875rem; overflow: hidden; text-align: center; font-style: normal; position: relative; line-height: 1.3; font-weight: 300; font-family: 'Raleway Flex', Raleway-Fallback, sans-serif;\" data-wnd_is_separable=\"1\" data-wnd_separable_index=\"0\" data-wnd_separable_id=\"wnd_TextBlock_59588\">\u00a0<\/h1>\t\t\t\t\t\t\t\t<\/div>\n\t\t\t\t<\/div>\n\t\t\t\t\t<\/div>\n\t\t<\/div>\n\t\t\t\t\t<\/div>\n\t\t<\/header>\n\t\t<div class=\"elementor-element elementor-element-9462c2f e-flex e-con-boxed e-con e-parent\" data-id=\"9462c2f\" data-element_type=\"container\" data-e-type=\"container\">\n\t\t\t\t\t<div class=\"e-con-inner\">\n\t\t\t\t<div class=\"elementor-element elementor-element-f61a0eb elementor-widget elementor-widget-image\" data-id=\"f61a0eb\" data-element_type=\"widget\" data-e-type=\"widget\" data-widget_type=\"image.default\">\n\t\t\t\t<div class=\"elementor-widget-container\">\n\t\t\t\t\t\t\t\t\t\t\t\t\t\t\t<img fetchpriority=\"high\" decoding=\"async\" width=\"567\" height=\"539\" src=\"https:\/\/alfaworks-karrier.hu\/wp-content\/uploads\/2025\/05\/image-10.png\" class=\"attachment-large size-large wp-image-2703\" alt=\"\" srcset=\"https:\/\/alfaworks-karrier.hu\/wp-content\/uploads\/2025\/05\/image-10.png 567w, https:\/\/alfaworks-karrier.hu\/wp-content\/uploads\/2025\/05\/image-10-300x285.png 300w\" sizes=\"(max-width: 567px) 100vw, 567px\" \/>\t\t\t\t\t\t\t\t\t\t\t\t\t\t\t<\/div>\n\t\t\t\t<\/div>\n\t\t\t\t\t<\/div>\n\t\t\t\t<\/div>\n\t\t<div class=\"elementor-element elementor-element-31ed6b5 e-flex e-con-boxed e-con e-parent\" data-id=\"31ed6b5\" data-element_type=\"container\" data-e-type=\"container\">\n\t\t\t\t\t<div class=\"e-con-inner\">\n\t\t\t\t<div class=\"elementor-element elementor-element-669ab25 elementor-widget elementor-widget-text-editor\" data-id=\"669ab25\" data-element_type=\"widget\" data-e-type=\"widget\" data-widget_type=\"text-editor.default\">\n\t\t\t\t<div class=\"elementor-widget-container\">\n\t\t\t\t\t\t\t\t\t<p><\/p>\n<p>Munkav\u00e1llal\u00f3inkat h\u00e9tf\u0151n kom\u00e1romi irod\u00e1nkban v\u00e1rjuk 8 \u00e9s 15 \u00f3ra k\u00f6zt. El\u0151zetes t\u00e1j\u00e9koztat\u00e1s ut\u00e1n koll\u00e9g\u00e1ink a sz\u00e1ll\u00e1sra k\u00eds\u00e9rik \u00d6n\u00f6ket.<\/p>\n<p>C\u00edm: 2900 Kom\u00e1rom Szent Istv\u00e1n t\u00e9r 5<span style=\"font-style: inherit; font-weight: inherit; color: var( --e-global-color-text ); text-align: var(--text-align); background-color: var(--ast-global-color-5);\">&nbsp;&nbsp;<\/span><\/p>\n<p>M\u00e1snap reggel 8:00 \u00f3rakor \u00fczeml\u00e1togat\u00e1sra ker\u00fcl sor, ahol megismerik a leend\u0151 munkak\u00f6rnyezetet \u00e9s munkafolyamatokat.<\/p>\t\t\t\t\t\t\t\t<\/div>\n\t\t\t\t<\/div>\n\t\t\t\t\t<\/div>\n\t\t\t\t<\/div>\n\t\t<div class=\"elementor-element elementor-element-40097a8 e-flex e-con-boxed e-con e-parent\" data-id=\"40097a8\" data-element_type=\"container\" data-e-type=\"container\" data-settings=\"{&quot;shape_divider_bottom&quot;:&quot;zigzag&quot;}\">\n\t\t\t\t\t<div class=\"e-con-inner\">\n\t\t\t\t<div class=\"elementor-shape elementor-shape-bottom\" aria-hidden=\"true\" data-negative=\"false\">\n\t\t\t<svg xmlns=\"http:\/\/www.w3.org\/2000\/svg\" viewBox=\"0 0 1800 5.8\" preserveAspectRatio=\"none\">\n  <path class=\"elementor-shape-fill\" d=\"M5.4.4l5.4 5.3L16.5.4l5.4 5.3L27.5.4 33 5.7 38.6.4l5.5 5.4h.1L49.9.4l5.4 5.3L60.9.4l5.5 5.3L72 .4l5.5 5.3L83.1.4l5.4 5.3L94.1.4l5.5 5.4h.2l5.6-5.4 5.5 5.3 5.6-5.3 5.4 5.3 5.6-5.3 5.5 5.3 5.6-5.3 5.5 5.4h.2l5.6-5.4 5.4 5.3L161 .4l5.4 5.3L172 .4l5.5 5.3 5.6-5.3 5.4 5.3 5.7-5.3 5.4 5.4h.2l5.6-5.4 5.5 5.3 5.6-5.3 5.5 5.3 5.6-5.3 5.4 5.3 5.6-5.3 5.5 5.4h.2l5.6-5.4 5.5 5.3L261 .4l5.4 5.3L272 .4l5.5 5.3 5.6-5.3 5.5 5.3 5.6-5.3 5.5 5.4h.1l5.7-5.4 5.4 5.3 5.6-5.3 5.5 5.3 5.6-5.3 5.4 5.3 5.7-5.3 5.4 5.4h.2l5.6-5.4 5.5 5.3L361 .4l5.5 5.3 5.6-5.3 5.4 5.3 5.6-5.3 5.5 5.3 5.6-5.3 5.5 5.4h.1l5.7-5.4 5.4 5.3 5.6-5.3 5.5 5.3 5.6-5.3 5.5 5.3 5.6-5.3 5.5 5.4h.1l5.6-5.4 5.5 5.3L461 .4l5.5 5.3 5.6-5.3 5.4 5.3 5.7-5.3 5.4 5.3 5.6-5.3 5.5 5.4h.2l5.6-5.4 5.5 5.3 5.6-5.3 5.4 5.3 5.6-5.3 5.5 5.3 5.6-5.3 5.5 5.4h.1L550 .4l5.4 5.3L561 .4l5.5 5.3 5.6-5.3 5.5 5.3 5.6-5.3 5.4 5.3 5.6-5.3 5.5 5.4h.2l5.6-5.4 5.5 5.3 5.6-5.3 5.4 5.3 5.7-5.3 5.4 5.3 5.6-5.3 5.5 5.4h.2L650 .4l5.5 5.3 5.6-5.3 5.4 5.3 5.6-5.3 5.5 5.3 5.6-5.3 5.5 5.3 5.6-5.3 5.4 5.4h.2l5.6-5.4 5.5 5.3 5.6-5.3 5.5 5.3 5.6-5.3 5.4 5.3 5.6-5.3 5.5 5.4h.2L750 .4l5.5 5.3 5.6-5.3 5.4 5.3 5.7-5.3 5.4 5.3 5.6-5.3 5.5 5.3 5.6-5.3 5.5 5.4h.1l5.7-5.4 5.4 5.3 5.6-5.3 5.5 5.3 5.6-5.3 5.5 5.3 5.6-5.3 5.4 5.4h.2L850 .4l5.5 5.3 5.6-5.3 5.5 5.3 5.6-5.3 5.4 5.3 5.6-5.3 5.5 5.3 5.6-5.3 5.5 5.4h.2l5.6-5.4 5.4 5.3 5.7-5.3 5.4 5.3 5.6-5.3 5.5 5.3 5.6-5.3 5.5 5.4h.1l5.7-5.4 5.4 5.3 5.6-5.3 5.5 5.3 5.6-5.3 5.5 5.3 5.6-5.3 5.4 5.3 5.6-5.3 5.5 5.4h.2l5.6-5.4 5.5 5.3 5.6-5.3 5.4 5.3 5.6-5.3 5.5 5.3 5.6-5.3 5.5 5.4h.2l5.6-5.4 5.4 5.3 5.7-5.3 5.4 5.3 5.6-5.3 5.5 5.3 5.6-5.3 5.5 5.3 5.6-5.3 5.4 5.4h.2l5.6-5.4 5.5 5.3 5.6-5.3 5.5 5.3 5.6-5.3 5.4 5.3 5.6-5.3 5.5 5.4h.2l5.6-5.4 5.5 5.3 5.6-5.3 5.4 5.3 5.6-5.3 5.5 5.3 5.6-5.3 5.5 5.3 5.6-5.3 5.5 5.4h.1l5.7-5.4 5.4 5.3 5.6-5.3 5.5 5.3 5.6-5.3 5.5 5.3 5.6-5.3 5.4 5.4h.2l5.6-5.4 5.5 5.3 5.6-5.3 5.5 5.3 5.6-5.3 5.4 5.3 5.6-5.3 5.5 5.3 5.6-5.3 5.5 5.4h.2l5.6-5.4 5.4 5.3 5.6-5.3 5.5 5.3 5.6-5.3 5.5 5.3 5.6-5.3 5.5 5.4h.1l5.7-5.4 5.4 5.3 5.6-5.3 5.5 5.3 5.6-5.3 5.5 5.3 5.6-5.3 5.4 5.3 5.6-5.3 5.5 5.4h.2l5.6-5.4 5.5 5.3 5.6-5.3 5.4 5.3 5.6-5.3 5.5 5.3 5.6-5.3 5.5 5.4h.2l5.6-5.4 5.4 5.3 5.6-5.3 5.5 5.3 5.6-5.3 5.5 5.3 5.6-5.3 5.4 5.3 5.7-5.3 5.4 5.4h.2l5.6-5.4 5.5 5.3 5.6-5.3 5.5 5.3 5.6-5.3 5.4 5.3 5.6-5.3 5.5 5.4h.2l5.6-5.4 5.5 5.3 5.6-5.3 5.4 5.3 5.6-5.3 5.5 5.3 5.6-5.3 5.5 5.3 5.6-5.3 5.5 5.4h.1l5.6-5.4 5.5 5.3 5.6-5.3 5.5 5.3 5.6-5.3 5.4 5.3 5.7-5.3 5.4 5.4h.2l5.6-5.4 5.5 5.3 5.6-5.3 5.5 5.3 5.6-5.3 5.4 5.3 5.6-5.3 5.5 5.3 5.6-5.3 5.5 5.4h.1l5.7-5.4 5.4 5.3 5.6-5.3 5.5 5.3 5.6-5.3 5.5 5.3 5.6-5.3 5.5 5.4h.1l5.6-5.4 5.5 5.3 5.6-5.3 5.5 5.3 5.6-5.3 5.4 5.3 5.7-5.3 5.4 5.3 5.6-5.3 5.5 5.4V0H-.2v5.8z\"\/>\n<\/svg>\n\t\t<\/div>\n\t\t\t\t<div class=\"elementor-element elementor-element-d7f5403 elementor-widget elementor-widget-heading\" data-id=\"d7f5403\" data-element_type=\"widget\" data-e-type=\"widget\" data-widget_type=\"heading.default\">\n\t\t\t\t<div class=\"elementor-widget-container\">\n\t\t\t\t\t<h2 class=\"elementor-heading-title elementor-size-default\">F\u0151bb Napi Esem\u00e9nyek<\/h2>\t\t\t\t<\/div>\n\t\t\t\t<\/div>\n\t\t\t\t\t<\/div>\n\t\t\t\t<\/div>\n\t\t\t\t<section class=\"elementor-section elementor-top-section elementor-element elementor-element-13b95c78 elementor-section-boxed elementor-section-height-default elementor-section-height-default elementor-invisible\" data-id=\"13b95c78\" data-element_type=\"section\" data-e-type=\"section\" data-settings=\"{&quot;background_background&quot;:&quot;classic&quot;,&quot;animation&quot;:&quot;fadeIn&quot;}\">\n\t\t\t\t\t\t\t<div class=\"elementor-background-overlay\"><\/div>\n\t\t\t\t\t\t\t<div class=\"elementor-container elementor-column-gap-default\">\n\t\t\t\t\t<div class=\"elementor-column elementor-col-33 elementor-top-column elementor-element elementor-element-fc4f5ad\" data-id=\"fc4f5ad\" data-element_type=\"column\" data-e-type=\"column\">\n\t\t\t<div class=\"elementor-widget-wrap elementor-element-populated\">\n\t\t\t\t\t\t<div class=\"elementor-element elementor-element-adff48a elementor-widget elementor-widget-text-editor\" data-id=\"adff48a\" data-element_type=\"widget\" data-e-type=\"widget\" data-widget_type=\"text-editor.default\">\n\t\t\t\t<div class=\"elementor-widget-container\">\n\t\t\t\t\t\t\t\t\t<p>Kedd reggel n\u00e9vsor ellen\u0151rz\u00e9s ut\u00e1n\u00a0 t\u00e1j\u00e9koztat\u00e1s a nap menet\u00e9r\u0151l, a gy\u00e1r ter\u00fclet\u00e9re vonatkoz\u00f3 szab\u00e1lyokr\u00f3l.<\/p>\t\t\t\t\t\t\t\t<\/div>\n\t\t\t\t<\/div>\n\t\t\t\t\t<\/div>\n\t\t<\/div>\n\t\t\t\t<div class=\"elementor-column elementor-col-33 elementor-top-column elementor-element elementor-element-b0527fd\" data-id=\"b0527fd\" data-element_type=\"column\" data-e-type=\"column\">\n\t\t\t<div class=\"elementor-widget-wrap elementor-element-populated\">\n\t\t\t\t\t\t<div class=\"elementor-element elementor-element-364663a elementor-widget elementor-widget-text-editor\" data-id=\"364663a\" data-element_type=\"widget\" data-e-type=\"widget\" data-widget_type=\"text-editor.default\">\n\t\t\t\t<div class=\"elementor-widget-container\">\n\t\t\t\t\t\t\t\t\t<p>Gy\u00e1regys\u00e9g bej\u00e1r\u00e1sa, munkater\u00fcletek bemutat\u00e1sa \u00e9s szem\u00e9lyes elbesz\u00e9lget\u00e9sek.\u00a0<span style=\"text-align: left; font-size: 1rem;\">Sikeres felv\u00e9tel ut\u00e1n koll\u00e9g\u00e1ink visszak\u00eds\u00e9rik irod\u00e1nkba, ahol kit\u00f6ltik a sz\u00fcks\u00e9ges pap\u00edrokat.\u00a0<\/span><\/p>\t\t\t\t\t\t\t\t<\/div>\n\t\t\t\t<\/div>\n\t\t\t\t\t<\/div>\n\t\t<\/div>\n\t\t\t\t<div class=\"elementor-column elementor-col-33 elementor-top-column elementor-element elementor-element-f915cf0\" data-id=\"f915cf0\" data-element_type=\"column\" data-e-type=\"column\">\n\t\t\t<div class=\"elementor-widget-wrap elementor-element-populated\">\n\t\t\t\t\t\t<div class=\"elementor-element elementor-element-ab17be0 elementor-widget elementor-widget-text-editor\" data-id=\"ab17be0\" data-element_type=\"widget\" data-e-type=\"widget\" data-widget_type=\"text-editor.default\">\n\t\t\t\t<div class=\"elementor-widget-container\">\n\t\t\t\t\t\t\t\t\t<p>Szerdai napon \u00fczemorvosi \u00e9s t\u00fcd\u0151sz\u0171r\u0151 vizsg\u00e1lat, ezt k\u00f6vet\u0151en cs\u00fct\u00f6rt\u00f6k\u00f6n munk\u00e1ba \u00e1ll\u00e1s.<\/p>\t\t\t\t\t\t\t\t<\/div>\n\t\t\t\t<\/div>\n\t\t\t\t\t<\/div>\n\t\t<\/div>\n\t\t\t\t\t<\/div>\n\t\t<\/section>\n\t\t<div class=\"elementor-element elementor-element-0c02144 e-flex e-con-boxed e-con e-parent\" data-id=\"0c02144\" data-element_type=\"container\" data-e-type=\"container\">\n\t\t\t\t\t<div class=\"e-con-inner\">\n\t\t\t\t<div class=\"elementor-element elementor-element-0dd3d3f elementor-widget elementor-widget-text-editor\" data-id=\"0dd3d3f\" data-element_type=\"widget\" data-e-type=\"widget\" data-widget_type=\"text-editor.default\">\n\t\t\t\t<div class=\"elementor-widget-container\">\n\t\t\t\t\t\t\t\t\t<p>Eg\u00e9sz nap folyam\u00e1n b\u00e1tran fordulhatnak k\u00e9rd\u00e9seikkel koll\u00e9g\u00e1inkhoz, akik mindennel seg\u00edts\u00e9g\u00fckre lesznek!<\/p>\t\t\t\t\t\t\t\t<\/div>\n\t\t\t\t<\/div>\n\t\t\t\t\t<\/div>\n\t\t\t\t<\/div>\n\t\t<div class=\"elementor-element elementor-element-0ef6c35 e-flex e-con-boxed e-con e-parent\" data-id=\"0ef6c35\" data-element_type=\"container\" data-e-type=\"container\" data-settings=\"{&quot;background_background&quot;:&quot;classic&quot;}\">\n\t\t\t\t\t<div class=\"e-con-inner\">\n\t\t\t\t<div class=\"elementor-element elementor-element-3c9af87 elementor-widget elementor-widget-text-editor\" data-id=\"3c9af87\" data-element_type=\"widget\" data-e-type=\"widget\" data-widget_type=\"text-editor.default\">\n\t\t\t\t<div class=\"elementor-widget-container\">\n\t\t\t\t\t\t\t\t\t<p>Rem\u00e9lj\u00fck el\u00e9gedett lesz vel\u00fcnk \u00e9s hossz\u00fat\u00e1von is sz\u00e1m\u00edthatunk majd \u00e9rt\u00e9kes munk\u00e1j\u00e1ra!<\/p>\t\t\t\t\t\t\t\t<\/div>\n\t\t\t\t<\/div>\n\t\t\t\t\t<\/div>\n\t\t\t\t<\/div>\n\t\t<div class=\"elementor-element elementor-element-fe33cad e-flex e-con-boxed e-con e-parent\" data-id=\"fe33cad\" data-element_type=\"container\" data-e-type=\"container\">\n\t\t\t\t\t<div class=\"e-con-inner\">\n\t\t\t\t<div class=\"elementor-element elementor-element-82ed51b elementor-widget elementor-widget-text-editor\" data-id=\"82ed51b\" data-element_type=\"widget\" data-e-type=\"widget\" data-widget_type=\"text-editor.default\">\n\t\t\t\t<div class=\"elementor-widget-container\">\n\t\t\t\t\t\t\t\t\t<p>Adataid t\u00f6rl\u00e9s\u00e9t b\u00e1rmikor k\u00e9rheted t\u0151l\u00fcnk a tamas.prigl@alfaworks.hu e-mail c\u00edm\u00fcnk\u00f6n.<\/p><p>C\u00e9g\u00fcnk adatkezel\u00e9si t\u00e1j\u00e9koztat\u00f3j\u00e1t\u00a0 &gt;&gt;\u00a0 ITT &lt;&lt;\u00a0 olvashatod.<\/p>\t\t\t\t\t\t\t\t<\/div>\n\t\t\t\t<\/div>\n\t\t\t\t\t<\/div>\n\t\t\t\t<\/div>\n\t\t\t\t<\/div>\n\t\t","protected":false},"excerpt":{"rendered":"<p>Kisb\u00e9r\u00a0felv\u00e9teli nap t\u00e1j\u00e9koztat\u00e1s K\u00f6sz\u00f6nj\u00fck, hogy jelentkezett hozz\u00e1nk! Az \u00d6n Felv\u00e9teli id\u0151pontja: 2025.05.26. H\u00e9tf\u0151 \u00a0 K\u00e9rj\u00fck figyelmesen olvassa el a t\u00e1j\u00e9koztat\u00f3t, k\u00e9rd\u00e9s eset\u00e9n keressen minket! \u00a0 Munkav\u00e1llal\u00f3inkat h\u00e9tf\u0151n kom\u00e1romi irod\u00e1nkban v\u00e1rjuk 8 \u00e9s 15 \u00f3ra k\u00f6zt. El\u0151zetes t\u00e1j\u00e9koztat\u00e1s ut\u00e1n koll\u00e9g\u00e1ink a sz\u00e1ll\u00e1sra k\u00eds\u00e9rik \u00d6n\u00f6ket. C\u00edm: 2900 Kom\u00e1rom Szent Istv\u00e1n t\u00e9r 5&nbsp;&nbsp; M\u00e1snap reggel 8:00 \u00f3rakor \u00fczeml\u00e1togat\u00e1sra [&hellip;]<\/p>\n","protected":false},"author":3,"featured_media":0,"parent":0,"menu_order":0,"comment_status":"closed","ping_status":"closed","template":"","meta":{"site-sidebar-layout":"no-sidebar","site-content-layout":"","ast-site-content-layout":"full-width-container","site-content-style":"default","site-sidebar-style":"default","ast-global-header-display":"","ast-banner-title-visibility":"","ast-main-header-display":"","ast-hfb-above-header-display":"","ast-hfb-below-header-display":"","ast-hfb-mobile-header-display":"","site-post-title":"disabled","ast-breadcrumbs-content":"","ast-featured-img":"disabled","footer-sml-layout":"","theme-transparent-header-meta":"","adv-header-id-meta":"","stick-header-meta":"","header-above-stick-meta":"","header-main-stick-meta":"","header-below-stick-meta":"","astra-migrate-meta-layouts":"default","ast-page-background-enabled":"default","ast-page-background-meta":{"desktop":{"background-color":"var(--ast-global-color-4)","background-image":"","background-repeat":"repeat","background-position":"center center","background-size":"auto","background-attachment":"scroll","background-type":"","background-media":"","overlay-type":"","overlay-color":"","overlay-opacity":"","overlay-gradient":""},"tablet":{"background-color":"","background-image":"","background-repeat":"repeat","background-position":"center center","background-size":"auto","background-attachment":"scroll","background-type":"","background-media":"","overlay-type":"","overlay-color":"","overlay-opacity":"","overlay-gradient":""},"mobile":{"background-color":"","background-image":"","background-repeat":"repeat","background-position":"center center","background-size":"auto","background-attachment":"scroll","background-type":"","background-media":"","overlay-type":"","overlay-color":"","overlay-opacity":"","overlay-gradient":""}},"ast-content-background-meta":{"desktop":{"background-color":"var(--ast-global-color-5)","background-image":"","background-repeat":"repeat","background-position":"center center","background-size":"auto","background-attachment":"scroll","background-type":"","background-media":"","overlay-type":"","overlay-color":"","overlay-opacity":"","overlay-gradient":""},"tablet":{"background-color":"var(--ast-global-color-5)","background-image":"","background-repeat":"repeat","background-position":"center center","background-size":"auto","background-attachment":"scroll","background-type":"","background-media":"","overlay-type":"","overlay-color":"","overlay-opacity":"","overlay-gradient":""},"mobile":{"background-color":"var(--ast-global-color-5)","background-image":"","background-repeat":"repeat","background-position":"center center","background-size":"auto","background-attachment":"scroll","background-type":"","background-media":"","overlay-type":"","overlay-color":"","overlay-opacity":"","overlay-gradient":""}},"footnotes":""},"class_list":["post-2681","page","type-page","status-publish","hentry"],"rttpg_featured_image_url":null,"rttpg_author":{"display_name":"Schlosser R\u00f3bert","author_link":"https:\/\/alfaworks-karrier.hu\/?author=3"},"rttpg_comment":0,"rttpg_category":null,"rttpg_excerpt":"Kisb\u00e9r\u00a0felv\u00e9teli nap t\u00e1j\u00e9koztat\u00e1s K\u00f6sz\u00f6nj\u00fck, hogy jelentkezett hozz\u00e1nk! Az \u00d6n Felv\u00e9teli id\u0151pontja: 2025.05.26. H\u00e9tf\u0151 \u00a0 K\u00e9rj\u00fck figyelmesen olvassa el a t\u00e1j\u00e9koztat\u00f3t, k\u00e9rd\u00e9s eset\u00e9n keressen minket! \u00a0 Munkav\u00e1llal\u00f3inkat h\u00e9tf\u0151n kom\u00e1romi irod\u00e1nkban v\u00e1rjuk 8 \u00e9s 15 \u00f3ra k\u00f6zt. El\u0151zetes t\u00e1j\u00e9koztat\u00e1s ut\u00e1n koll\u00e9g\u00e1ink a sz\u00e1ll\u00e1sra k\u00eds\u00e9rik \u00d6n\u00f6ket. C\u00edm: 2900 Kom\u00e1rom Szent Istv\u00e1n t\u00e9r 5&nbsp;&nbsp; M\u00e1snap reggel 8:00 \u00f3rakor \u00fczeml\u00e1togat\u00e1sra&hellip;","_links":{"self":[{"href":"https:\/\/alfaworks-karrier.hu\/index.php?rest_route=\/wp\/v2\/pages\/2681","targetHints":{"allow":["GET"]}}],"collection":[{"href":"https:\/\/alfaworks-karrier.hu\/index.php?rest_route=\/wp\/v2\/pages"}],"about":[{"href":"https:\/\/alfaworks-karrier.hu\/index.php?rest_route=\/wp\/v2\/types\/page"}],"author":[{"embeddable":true,"href":"https:\/\/alfaworks-karrier.hu\/index.php?rest_route=\/wp\/v2\/users\/3"}],"replies":[{"embeddable":true,"href":"https:\/\/alfaworks-karrier.hu\/index.php?rest_route=%2Fwp%2Fv2%2Fcomments&post=2681"}],"version-history":[{"count":18,"href":"https:\/\/alfaworks-karrier.hu\/index.php?rest_route=\/wp\/v2\/pages\/2681\/revisions"}],"predecessor-version":[{"id":2947,"href":"https:\/\/alfaworks-karrier.hu\/index.php?rest_route=\/wp\/v2\/pages\/2681\/revisions\/2947"}],"wp:attachment":[{"href":"https:\/\/alfaworks-karrier.hu\/index.php?rest_route=%2Fwp%2Fv2%2Fmedia&parent=2681"}],"curies":[{"name":"wp","href":"https:\/\/api.w.org\/{rel}","templated":true}]}}