{"id":2251,"date":"2025-02-28T08:14:19","date_gmt":"2025-02-28T08:14:19","guid":{"rendered":"https:\/\/alfaworks-karrier.hu\/?page_id=2251"},"modified":"2025-11-14T17:17:25","modified_gmt":"2025-11-14T17:17:25","slug":"szazhalombatta-tajekoztato","status":"publish","type":"page","link":"https:\/\/alfaworks-karrier.hu\/?page_id=2251","title":{"rendered":"Sz\u00e1zhalombatta t\u00e1j\u00e9koztat\u00f3"},"content":{"rendered":"\t\t<div data-elementor-type=\"wp-page\" data-elementor-id=\"2251\" class=\"elementor elementor-2251\" data-elementor-post-type=\"page\">\n\t\t\t\t\t\t<header class=\"elementor-section elementor-top-section elementor-element elementor-element-60abff7e elementor-section-boxed elementor-section-height-default elementor-section-height-default\" data-id=\"60abff7e\" data-element_type=\"section\" data-e-type=\"section\" data-settings=\"{&quot;background_background&quot;:&quot;classic&quot;}\">\n\t\t\t\t\t\t\t<div class=\"elementor-background-overlay\"><\/div>\n\t\t\t\t\t\t\t<div class=\"elementor-container elementor-column-gap-default\">\n\t\t\t\t\t<div class=\"elementor-column elementor-col-100 elementor-top-column elementor-element elementor-element-3c74b3a\" data-id=\"3c74b3a\" data-element_type=\"column\" data-e-type=\"column\">\n\t\t\t<div class=\"elementor-widget-wrap elementor-element-populated\">\n\t\t\t\t\t\t<div class=\"elementor-element elementor-element-ac9f0a2 elementor-widget__width-initial elementor-widget elementor-widget-text-editor\" data-id=\"ac9f0a2\" data-element_type=\"widget\" data-e-type=\"widget\" data-widget_type=\"text-editor.default\">\n\t\t\t\t<div class=\"elementor-widget-container\">\n\t\t\t\t\t\t\t\t\t<h2 class=\"wnd-align-center\" style=\"-webkit-tap-highlight-color: transparent; transition: none 0s ease 0s; color: #ffffff; margin-bottom: 0px; text-align: center; font-style: normal; position: relative; font-size: 1.25rem; line-height: 1.5; font-weight: 500; font-family: 'Raleway Flex', Raleway-Fallback, sans-serif;\"><span class=\"wnd-font-size-180\" style=\"-webkit-tap-highlight-color: transparent; transition: none 0s ease 0s; font-size: 36px;\"><span class=\"wnd-font-size-110\" style=\"-webkit-tap-highlight-color: transparent; transition: none 0s ease 0s; font-size: 39.6px;\"><span class=\"wsw-13\" style=\"-webkit-tap-highlight-color: transparent; color: #f6e466; border-color: rgba(246, 229, 101, 0.5); transition: none 0s ease 0s;\"><span style=\"-webkit-tap-highlight-color: transparent; font-weight: 750; transition: none 0s ease 0s;\">Sz\u00e1zhalombatta<\/span><\/span><\/span><span style=\"-webkit-tap-highlight-color: transparent; font-weight: 750; transition: none 0s ease 0s;\"><span class=\"wnd-font-size-110\" style=\"-webkit-tap-highlight-color: transparent; transition: none 0s ease 0s; font-size: 39.6px;\">\u00a0 felv\u00e9teli nap t\u00e1j\u00e9koztat\u00e1s<\/span><\/span><\/span><\/h2>\t\t\t\t\t\t\t\t<\/div>\n\t\t\t\t<\/div>\n\t\t\t\t<div class=\"elementor-element elementor-element-15306b7 elementor-widget__width-initial elementor-widget elementor-widget-text-editor\" data-id=\"15306b7\" data-element_type=\"widget\" data-e-type=\"widget\" data-widget_type=\"text-editor.default\">\n\t\t\t\t<div class=\"elementor-widget-container\">\n\t\t\t\t\t\t\t\t\t<h2 class=\"wnd-align-center\" style=\"-webkit-tap-highlight-color: transparent; transition: none 0s ease 0s; color: #ffffff; margin-bottom: 0px; text-align: center; font-style: normal; position: relative; font-size: 1.25rem; line-height: 1.5; font-weight: 500; font-family: 'Raleway Flex', Raleway-Fallback, sans-serif;\"><span style=\"-webkit-tap-highlight-color: transparent; font-weight: 600; transition: none 0s ease 0s; color: rgba(255, 255, 255, 0.7); font-size: 17.2px;\"><span class=\"wsw-10 wnd-font-size-120\" style=\"-webkit-tap-highlight-color: transparent; color: #ffffff; border-color: rgba(255, 255, 255, 0.5); transition: none 0s ease 0s; font-size: 20.64px;\">K\u00f6sz\u00f6nj\u00fck, hogy jelentkezett hozz\u00e1nk!<\/span><\/span><\/h2>\t\t\t\t\t\t\t\t<\/div>\n\t\t\t\t<\/div>\n\t\t\t\t<div class=\"elementor-element elementor-element-fcc0e28 elementor-widget__width-initial elementor-widget elementor-widget-text-editor\" data-id=\"fcc0e28\" data-element_type=\"widget\" data-e-type=\"widget\" data-widget_type=\"text-editor.default\">\n\t\t\t\t<div class=\"elementor-widget-container\">\n\t\t\t\t\t\t\t\t\t<h1 style=\"-webkit-tap-highlight-color: transparent; font-size: 3rem; margin-bottom: 0px; transition: none 0s ease 0s; color: #ffffff; overflow: hidden; text-align: center; font-style: normal; position: relative; line-height: 1.3; font-weight: 300; font-family: 'Raleway Flex', Raleway-Fallback, sans-serif;\"><span style=\"-webkit-tap-highlight-color: transparent; font-weight: bold; transition: none 0s ease 0s; font-size: 33.6px;\">Az \u00d6n Felv\u00e9teli id\u0151pontja: 2025.11.18<\/span><span style=\"-webkit-tap-highlight-color: transparent; font-weight: bold; transition: none 0s ease 0s; letter-spacing: 0px; font-size: 33.6px;\">. Kedd 9:00<\/span><\/h1>\t\t\t\t\t\t\t\t<\/div>\n\t\t\t\t<\/div>\n\t\t\t\t<div class=\"elementor-element elementor-element-98a2692 elementor-widget__width-initial elementor-widget elementor-widget-text-editor\" data-id=\"98a2692\" data-element_type=\"widget\" data-e-type=\"widget\" data-widget_type=\"text-editor.default\">\n\t\t\t\t<div class=\"elementor-widget-container\">\n\t\t\t\t\t\t\t\t\t<h1 style=\"-webkit-tap-highlight-color: transparent; font-size: 3rem; margin-bottom: 0px; transition: none 0s ease 0s; color: #ffffff; overflow: hidden; text-align: center; font-style: normal; position: relative; line-height: 1.3; font-weight: 300; font-family: 'Raleway Flex', Raleway-Fallback, sans-serif;\">\u00a0<\/h1><h2 class=\"wnd-align-center\" style=\"-webkit-tap-highlight-color: transparent; transition: none 0s ease 0s; color: #ffffff; margin-bottom: 0px; text-align: center; font-style: normal; position: relative; font-size: 1.25rem; line-height: 1.5; font-weight: 500; font-family: 'Raleway Flex', Raleway-Fallback, sans-serif;\"><span class=\"wsw-13\" style=\"-webkit-tap-highlight-color: transparent; color: #f6e466; border-color: rgba(246, 229, 101, 0.5); transition: none 0s ease 0s;\"><span style=\"-webkit-tap-highlight-color: transparent; font-weight: 750; transition: none 0s ease 0s;\">K\u00e9rj\u00fck figyelmesen olvassa el a t\u00e1j\u00e9koztat\u00f3t, k\u00e9rd\u00e9s eset\u00e9n keresse a toborz\u00f3 \u00e9s koordin\u00e1tor koll\u00e9g\u00e1kat!<\/span><\/span><\/h2><h1 style=\"-webkit-tap-highlight-color: transparent; font-size: 3rem; margin-bottom: 0px; transition: none 0s ease 0s; color: #ffffff; padding-bottom: 1.875rem; overflow: hidden; text-align: center; font-style: normal; position: relative; line-height: 1.3; font-weight: 300; font-family: 'Raleway Flex', Raleway-Fallback, sans-serif;\" data-wnd_is_separable=\"1\" data-wnd_separable_index=\"0\" data-wnd_separable_id=\"wnd_TextBlock_59588\">\u00a0<\/h1>\t\t\t\t\t\t\t\t<\/div>\n\t\t\t\t<\/div>\n\t\t\t\t\t<\/div>\n\t\t<\/div>\n\t\t\t\t\t<\/div>\n\t\t<\/header>\n\t\t<div class=\"elementor-element elementor-element-9462c2f e-flex e-con-boxed e-con e-parent\" data-id=\"9462c2f\" data-element_type=\"container\" data-e-type=\"container\">\n\t\t\t\t\t<div class=\"e-con-inner\">\n\t\t\t\t<div class=\"elementor-element elementor-element-f61a0eb elementor-widget elementor-widget-image\" data-id=\"f61a0eb\" data-element_type=\"widget\" data-e-type=\"widget\" data-widget_type=\"image.default\">\n\t\t\t\t<div class=\"elementor-widget-container\">\n\t\t\t\t\t\t\t\t\t\t\t\t\t\t\t<img fetchpriority=\"high\" decoding=\"async\" width=\"1024\" height=\"307\" src=\"https:\/\/alfaworks-karrier.hu\/wp-content\/uploads\/2025\/02\/image-7-1024x307.png\" class=\"attachment-large size-large wp-image-2252\" alt=\"\" srcset=\"https:\/\/alfaworks-karrier.hu\/wp-content\/uploads\/2025\/02\/image-7-1024x307.png 1024w, https:\/\/alfaworks-karrier.hu\/wp-content\/uploads\/2025\/02\/image-7-300x90.png 300w, https:\/\/alfaworks-karrier.hu\/wp-content\/uploads\/2025\/02\/image-7-768x230.png 768w, https:\/\/alfaworks-karrier.hu\/wp-content\/uploads\/2025\/02\/image-7.png 1294w\" sizes=\"(max-width: 1024px) 100vw, 1024px\" \/>\t\t\t\t\t\t\t\t\t\t\t\t\t\t\t<\/div>\n\t\t\t\t<\/div>\n\t\t\t\t<div class=\"elementor-element elementor-element-635f0ba elementor-widget elementor-widget-text-editor\" data-id=\"635f0ba\" data-element_type=\"widget\" data-e-type=\"widget\" data-widget_type=\"text-editor.default\">\n\t\t\t\t<div class=\"elementor-widget-container\">\n\t\t\t\t\t\t\t\t\t<p><strong>Kedves \u00c9rdekl\u0151d\u0151nk, leend\u0151 munkav\u00e1llal\u00f3nk!<\/strong><\/p>\n<p>V\u00e1runk <span style=\"text-decoration: underline;\"><strong>11.18<\/strong><strong>-\u00e1n, kedden<\/strong><\/span> a sz\u00e1zhalombattai targoncavezet\u0151 felv\u00e9telire.<\/p>\n<p><span style=\"text-decoration: underline;\"><strong>\u00c9rkez\u00e9s kedden 8:45-re.<\/strong><\/span><\/p>\n<p><strong><span style=\"text-decoration: underline;\">\u00c9rkez\u00e9si c\u00edm:<\/span> 2440 Sz\u00e1zhalombatta, Iparos utca 4. Ceva Logistics<\/strong><\/p>\n<p>Koordin\u00e1tor koll\u00e9g\u00e1nk a helysz\u00ednen v\u00e1r minden felv\u00e9telire \u00e9rkez\u0151t. Telefonon kereszt\u00fcl seg\u00edts\u00e9get tud ny\u00fajtani \u00fatbaigaz\u00edt\u00e1ssal, szem\u00e9lyesen pedig rendelkez\u00e9sre \u00e1ll minden felmer\u00fcl\u0151 k\u00e9rd\u00e9ssel kapcsolatban.<\/p>\n<p>Koll\u00e9g\u00e1nk telefonsz\u00e1ma: + 36 20 320 0175<\/p>\n<p>Rem\u00e9lj\u00fck, hogy hamarosan <strong>TE<\/strong> is a csapatunk tagja leszel!<\/p>\t\t\t\t\t\t\t\t<\/div>\n\t\t\t\t<\/div>\n\t\t\t\t\t<\/div>\n\t\t\t\t<\/div>\n\t\t\t\t<section class=\"elementor-section elementor-top-section elementor-element elementor-element-13b95c78 elementor-section-boxed elementor-section-height-default elementor-section-height-default elementor-invisible\" data-id=\"13b95c78\" data-element_type=\"section\" data-e-type=\"section\" data-settings=\"{&quot;background_background&quot;:&quot;classic&quot;,&quot;animation&quot;:&quot;fadeIn&quot;}\">\n\t\t\t\t\t\t\t<div class=\"elementor-background-overlay\"><\/div>\n\t\t\t\t\t\t\t<div class=\"elementor-container elementor-column-gap-default\">\n\t\t\t\t\t<div class=\"elementor-column elementor-col-33 elementor-top-column elementor-element elementor-element-fc4f5ad\" data-id=\"fc4f5ad\" data-element_type=\"column\" data-e-type=\"column\">\n\t\t\t<div class=\"elementor-widget-wrap elementor-element-populated\">\n\t\t\t\t\t\t<div class=\"elementor-element elementor-element-adff48a elementor-widget elementor-widget-text-editor\" data-id=\"adff48a\" data-element_type=\"widget\" data-e-type=\"widget\" data-widget_type=\"text-editor.default\">\n\t\t\t\t<div class=\"elementor-widget-container\">\n\t\t\t\t\t\t\t\t\t<p>Reggel n\u00e9vsor ellen\u0151rz\u00e9s ut\u00e1n a port\u00e1n t\u00e1j\u00e9koztat\u00e1s a nap menet\u00e9r\u0151l, a gy\u00e1r ter\u00fclet\u00e9re vonatkoz\u00f3 szab\u00e1lyokr\u00f3l.<\/p>\t\t\t\t\t\t\t\t<\/div>\n\t\t\t\t<\/div>\n\t\t\t\t\t<\/div>\n\t\t<\/div>\n\t\t\t\t<div class=\"elementor-column elementor-col-33 elementor-top-column elementor-element elementor-element-b0527fd\" data-id=\"b0527fd\" data-element_type=\"column\" data-e-type=\"column\">\n\t\t\t<div class=\"elementor-widget-wrap elementor-element-populated\">\n\t\t\t\t\t\t<div class=\"elementor-element elementor-element-364663a elementor-widget elementor-widget-text-editor\" data-id=\"364663a\" data-element_type=\"widget\" data-e-type=\"widget\" data-widget_type=\"text-editor.default\">\n\t\t\t\t<div class=\"elementor-widget-container\">\n\t\t\t\t\t\t\t\t\t<p>Teszt\u00edr\u00e1s, majd ezt k\u00f6vet\u0151en gyakorlati teszt \u00e9s gy\u00e1rbej\u00e1r\u00e1s.<\/p>\t\t\t\t\t\t\t\t<\/div>\n\t\t\t\t<\/div>\n\t\t\t\t\t<\/div>\n\t\t<\/div>\n\t\t\t\t<div class=\"elementor-column elementor-col-33 elementor-top-column elementor-element elementor-element-f915cf0\" data-id=\"f915cf0\" data-element_type=\"column\" data-e-type=\"column\">\n\t\t\t<div class=\"elementor-widget-wrap elementor-element-populated\">\n\t\t\t\t\t\t<div class=\"elementor-element elementor-element-ab17be0 elementor-widget elementor-widget-text-editor\" data-id=\"ab17be0\" data-element_type=\"widget\" data-e-type=\"widget\" data-widget_type=\"text-editor.default\">\n\t\t\t\t<div class=\"elementor-widget-container\">\n\t\t\t\t\t\t\t\t\t<p>Sikeres felv\u00e9tel ut\u00e1n koll\u00e9g\u00e1ink \u00e9rtes\u00edtik \u00d6nt<span style=\"font-size: 1rem;\">.&nbsp;<\/span><span style=\"font-style: inherit; font-weight: inherit;\">Ezt k\u00f6vet\u0151 napon \u00fczemorvosi vizsg\u00e1lat, majd k\u00f6vetkez\u0151 h\u00e9tf\u0151n munkakezd\u00e9s.&nbsp;<\/span><\/p>\t\t\t\t\t\t\t\t<\/div>\n\t\t\t\t<\/div>\n\t\t\t\t\t<\/div>\n\t\t<\/div>\n\t\t\t\t\t<\/div>\n\t\t<\/section>\n\t\t<div class=\"elementor-element elementor-element-0c02144 e-flex e-con-boxed e-con e-parent\" data-id=\"0c02144\" data-element_type=\"container\" data-e-type=\"container\">\n\t\t\t\t\t<div class=\"e-con-inner\">\n\t\t\t\t<div class=\"elementor-element elementor-element-0dd3d3f elementor-widget elementor-widget-text-editor\" data-id=\"0dd3d3f\" data-element_type=\"widget\" data-e-type=\"widget\" data-widget_type=\"text-editor.default\">\n\t\t\t\t<div class=\"elementor-widget-container\">\n\t\t\t\t\t\t\t\t\t<p>Eg\u00e9sz nap folyam\u00e1n b\u00e1tran fordulhatnak k\u00e9rd\u00e9seikkel koll\u00e9g\u00e1inkhoz, akik mindenben a seg\u00edts\u00e9g\u00fckre lesznek!<\/p>\t\t\t\t\t\t\t\t<\/div>\n\t\t\t\t<\/div>\n\t\t\t\t\t<\/div>\n\t\t\t\t<\/div>\n\t\t<div class=\"elementor-element elementor-element-0ef6c35 e-flex e-con-boxed e-con e-parent\" data-id=\"0ef6c35\" data-element_type=\"container\" data-e-type=\"container\" data-settings=\"{&quot;background_background&quot;:&quot;classic&quot;}\">\n\t\t\t\t\t<div class=\"e-con-inner\">\n\t\t\t\t<div class=\"elementor-element elementor-element-3c9af87 elementor-widget elementor-widget-text-editor\" data-id=\"3c9af87\" data-element_type=\"widget\" data-e-type=\"widget\" data-widget_type=\"text-editor.default\">\n\t\t\t\t<div class=\"elementor-widget-container\">\n\t\t\t\t\t\t\t\t\t<p>B\u00edzunk benne, hogy Te is hamarosan csapatunk tagja leszel!<br>Rem\u00e9lj\u00fck el\u00e9gedett leszel vel\u00fcnk \u00e9s hossz\u00fat\u00e1von is sz\u00e1m\u00edthatunk majd \u00e9rt\u00e9kes munk\u00e1dra!<\/p>\t\t\t\t\t\t\t\t<\/div>\n\t\t\t\t<\/div>\n\t\t\t\t\t<\/div>\n\t\t\t\t<\/div>\n\t\t<div class=\"elementor-element elementor-element-fe33cad e-flex e-con-boxed e-con e-parent\" data-id=\"fe33cad\" data-element_type=\"container\" data-e-type=\"container\">\n\t\t\t\t\t<div class=\"e-con-inner\">\n\t\t\t\t<div class=\"elementor-element elementor-element-82ed51b elementor-widget elementor-widget-text-editor\" data-id=\"82ed51b\" data-element_type=\"widget\" data-e-type=\"widget\" data-widget_type=\"text-editor.default\">\n\t\t\t\t<div class=\"elementor-widget-container\">\n\t\t\t\t\t\t\t\t\t<p>Adataid t\u00f6rl\u00e9s\u00e9t b\u00e1rmikor k\u00e9rheted t\u0151l\u00fcnk a tamas.prigl@alfaworks.hu e-mail c\u00edm\u00fcnk\u00f6n.<\/p><p>C\u00e9g\u00fcnk adatkezel\u00e9si t\u00e1j\u00e9koztat\u00f3j\u00e1t\u00a0 &gt;&gt;\u00a0 ITT &lt;&lt;\u00a0 olvashatod.<\/p>\t\t\t\t\t\t\t\t<\/div>\n\t\t\t\t<\/div>\n\t\t\t\t\t<\/div>\n\t\t\t\t<\/div>\n\t\t\t\t<\/div>\n\t\t","protected":false},"excerpt":{"rendered":"<p>Sz\u00e1zhalombatta\u00a0 felv\u00e9teli nap t\u00e1j\u00e9koztat\u00e1s K\u00f6sz\u00f6nj\u00fck, hogy jelentkezett hozz\u00e1nk! Az \u00d6n Felv\u00e9teli id\u0151pontja: 2025.11.18. Kedd 9:00 \u00a0 K\u00e9rj\u00fck figyelmesen olvassa el a t\u00e1j\u00e9koztat\u00f3t, k\u00e9rd\u00e9s eset\u00e9n keresse a toborz\u00f3 \u00e9s koordin\u00e1tor koll\u00e9g\u00e1kat! \u00a0 Kedves \u00c9rdekl\u0151d\u0151nk, leend\u0151 munkav\u00e1llal\u00f3nk! V\u00e1runk 11.18-\u00e1n, kedden a sz\u00e1zhalombattai targoncavezet\u0151 felv\u00e9telire. \u00c9rkez\u00e9s kedden 8:45-re. \u00c9rkez\u00e9si c\u00edm: 2440 Sz\u00e1zhalombatta, Iparos utca 4. Ceva Logistics Koordin\u00e1tor [&hellip;]<\/p>\n","protected":false},"author":3,"featured_media":0,"parent":0,"menu_order":0,"comment_status":"closed","ping_status":"closed","template":"","meta":{"site-sidebar-layout":"no-sidebar","site-content-layout":"","ast-site-content-layout":"full-width-container","site-content-style":"default","site-sidebar-style":"default","ast-global-header-display":"","ast-banner-title-visibility":"","ast-main-header-display":"","ast-hfb-above-header-display":"","ast-hfb-below-header-display":"","ast-hfb-mobile-header-display":"","site-post-title":"disabled","ast-breadcrumbs-content":"","ast-featured-img":"disabled","footer-sml-layout":"","theme-transparent-header-meta":"","adv-header-id-meta":"","stick-header-meta":"","header-above-stick-meta":"","header-main-stick-meta":"","header-below-stick-meta":"","astra-migrate-meta-layouts":"default","ast-page-background-enabled":"default","ast-page-background-meta":{"desktop":{"background-color":"var(--ast-global-color-4)","background-image":"","background-repeat":"repeat","background-position":"center center","background-size":"auto","background-attachment":"scroll","background-type":"","background-media":"","overlay-type":"","overlay-color":"","overlay-opacity":"","overlay-gradient":""},"tablet":{"background-color":"","background-image":"","background-repeat":"repeat","background-position":"center center","background-size":"auto","background-attachment":"scroll","background-type":"","background-media":"","overlay-type":"","overlay-color":"","overlay-opacity":"","overlay-gradient":""},"mobile":{"background-color":"","background-image":"","background-repeat":"repeat","background-position":"center center","background-size":"auto","background-attachment":"scroll","background-type":"","background-media":"","overlay-type":"","overlay-color":"","overlay-opacity":"","overlay-gradient":""}},"ast-content-background-meta":{"desktop":{"background-color":"var(--ast-global-color-5)","background-image":"","background-repeat":"repeat","background-position":"center center","background-size":"auto","background-attachment":"scroll","background-type":"","background-media":"","overlay-type":"","overlay-color":"","overlay-opacity":"","overlay-gradient":""},"tablet":{"background-color":"var(--ast-global-color-5)","background-image":"","background-repeat":"repeat","background-position":"center center","background-size":"auto","background-attachment":"scroll","background-type":"","background-media":"","overlay-type":"","overlay-color":"","overlay-opacity":"","overlay-gradient":""},"mobile":{"background-color":"var(--ast-global-color-5)","background-image":"","background-repeat":"repeat","background-position":"center center","background-size":"auto","background-attachment":"scroll","background-type":"","background-media":"","overlay-type":"","overlay-color":"","overlay-opacity":"","overlay-gradient":""}},"footnotes":""},"class_list":["post-2251","page","type-page","status-publish","hentry"],"rttpg_featured_image_url":null,"rttpg_author":{"display_name":"Schlosser R\u00f3bert","author_link":"https:\/\/alfaworks-karrier.hu\/?author=3"},"rttpg_comment":0,"rttpg_category":null,"rttpg_excerpt":"Sz\u00e1zhalombatta\u00a0 felv\u00e9teli nap t\u00e1j\u00e9koztat\u00e1s K\u00f6sz\u00f6nj\u00fck, hogy jelentkezett hozz\u00e1nk! Az \u00d6n Felv\u00e9teli id\u0151pontja: 2025.11.18. Kedd 9:00 \u00a0 K\u00e9rj\u00fck figyelmesen olvassa el a t\u00e1j\u00e9koztat\u00f3t, k\u00e9rd\u00e9s eset\u00e9n keresse a toborz\u00f3 \u00e9s koordin\u00e1tor koll\u00e9g\u00e1kat! \u00a0 Kedves \u00c9rdekl\u0151d\u0151nk, leend\u0151 munkav\u00e1llal\u00f3nk! V\u00e1runk 11.18-\u00e1n, kedden a sz\u00e1zhalombattai targoncavezet\u0151 felv\u00e9telire. \u00c9rkez\u00e9s kedden 8:45-re. \u00c9rkez\u00e9si c\u00edm: 2440 Sz\u00e1zhalombatta, Iparos utca 4. Ceva Logistics Koordin\u00e1tor&hellip;","_links":{"self":[{"href":"https:\/\/alfaworks-karrier.hu\/index.php?rest_route=\/wp\/v2\/pages\/2251","targetHints":{"allow":["GET"]}}],"collection":[{"href":"https:\/\/alfaworks-karrier.hu\/index.php?rest_route=\/wp\/v2\/pages"}],"about":[{"href":"https:\/\/alfaworks-karrier.hu\/index.php?rest_route=\/wp\/v2\/types\/page"}],"author":[{"embeddable":true,"href":"https:\/\/alfaworks-karrier.hu\/index.php?rest_route=\/wp\/v2\/users\/3"}],"replies":[{"embeddable":true,"href":"https:\/\/alfaworks-karrier.hu\/index.php?rest_route=%2Fwp%2Fv2%2Fcomments&post=2251"}],"version-history":[{"count":75,"href":"https:\/\/alfaworks-karrier.hu\/index.php?rest_route=\/wp\/v2\/pages\/2251\/revisions"}],"predecessor-version":[{"id":5598,"href":"https:\/\/alfaworks-karrier.hu\/index.php?rest_route=\/wp\/v2\/pages\/2251\/revisions\/5598"}],"wp:attachment":[{"href":"https:\/\/alfaworks-karrier.hu\/index.php?rest_route=%2Fwp%2Fv2%2Fmedia&parent=2251"}],"curies":[{"name":"wp","href":"https:\/\/api.w.org\/{rel}","templated":true}]}}